{"id":1301,"date":"2022-08-16T14:48:35","date_gmt":"2022-08-16T12:48:35","guid":{"rendered":"https:\/\/expanseplus.vebi.pl\/?page_id=1301"},"modified":"2022-08-16T14:58:44","modified_gmt":"2022-08-16T12:58:44","slug":"pompa-ciepla-powietrze-woda-awh20-v5","status":"publish","type":"page","link":"https:\/\/expanseplus.pl\/pl\/pompa-ciepla-powietrze-woda-awh20-v5\/","title":{"rendered":"POMPA CIEP\u0141A POWIETRZE\/WODA AWH20-V5+"},"content":{"rendered":"\t\t<div data-elementor-type=\"wp-page\" data-elementor-id=\"1301\" class=\"elementor elementor-1301\" data-elementor-post-type=\"page\">\n\t\t\t\t\t\t<section class=\"elementor-section elementor-top-section elementor-element elementor-element-31173a14 elementor-section-boxed elementor-section-height-default elementor-section-height-default\" data-id=\"31173a14\" data-element_type=\"section\" data-settings=\"{&quot;background_background&quot;:&quot;classic&quot;}\">\n\t\t\t\t\t\t\t<div class=\"elementor-background-overlay\"><\/div>\n\t\t\t\t\t\t\t<div class=\"elementor-container elementor-column-gap-default\">\n\t\t\t\t\t<div class=\"elementor-column elementor-col-100 elementor-top-column elementor-element elementor-element-6ac1febb\" data-id=\"6ac1febb\" data-element_type=\"column\" data-settings=\"{&quot;background_background&quot;:&quot;classic&quot;}\">\n\t\t\t<div class=\"elementor-widget-wrap\">\n\t\t\t\t\t\t\t<\/div>\n\t\t<\/div>\n\t\t\t\t\t<\/div>\n\t\t<\/section>\n\t\t\t\t<section class=\"elementor-section elementor-top-section elementor-element elementor-element-3d79efb8 elementor-section-content-middle elementor-section-boxed elementor-section-height-default elementor-section-height-default elementor-invisible\" data-id=\"3d79efb8\" data-element_type=\"section\" data-settings=\"{&quot;animation&quot;:&quot;fadeInUp&quot;}\">\n\t\t\t\t\t\t<div class=\"elementor-container elementor-column-gap-wider\">\n\t\t\t\t\t<div class=\"elementor-column elementor-col-50 elementor-top-column elementor-element elementor-element-3abef5d\" data-id=\"3abef5d\" data-element_type=\"column\">\n\t\t\t<div class=\"elementor-widget-wrap elementor-element-populated\">\n\t\t\t\t\t\t<div class=\"elementor-element elementor-element-572783b6 elementor-widget elementor-widget-heading\" data-id=\"572783b6\" data-element_type=\"widget\" data-widget_type=\"heading.default\">\n\t\t\t\t<div class=\"elementor-widget-container\">\n\t\t\t\t\t<h1 class=\"elementor-heading-title elementor-size-default\">POMPA CIEP\u0141A POWIETRZE\/WODA AWH20-V5+<\/h1>\t\t\t\t<\/div>\n\t\t\t\t<\/div>\n\t\t\t\t<div class=\"elementor-element elementor-element-713207d elementor-widget elementor-widget-heading\" data-id=\"713207d\" data-element_type=\"widget\" data-widget_type=\"heading.default\">\n\t\t\t\t<div class=\"elementor-widget-container\">\n\t\t\t\t\t<h2 class=\"elementor-heading-title elementor-size-default\">AWH 20-V5+<\/h2>\t\t\t\t<\/div>\n\t\t\t\t<\/div>\n\t\t\t\t<div class=\"elementor-element elementor-element-a0592c5 elementor-align--mobilecenter elementor-align-left premium-floating-effects-yes elementor-widget elementor-widget-elementskit-button\" data-id=\"a0592c5\" data-element_type=\"widget\" data-settings=\"{&quot;premium_fe_direction&quot;:&quot;normal&quot;,&quot;ep_floating_effects_show&quot;:&quot;yes&quot;,&quot;premium_fe_loop&quot;:&quot;default&quot;,&quot;premium_fe_easing&quot;:&quot;easeInOutSine&quot;,&quot;ep_floating_effects_easing&quot;:&quot;easeInOutQuad&quot;}\" data-widget_type=\"elementskit-button.default\">\n\t\t\t\t<div class=\"elementor-widget-container\">\n\t\t\t\t\t<div class=\"ekit-wid-con\" >\t\t<div class=\"ekit-btn-wraper\">\n\t\t\t\t\t\t\t<a href=\"https:\/\/expanseplus.plwp-content\/uploads\/2022\/08\/POMPA-CIEPLA-POWIETRZE-WODA-AWH20-V5-expanse-plus-katalog.pdf\" class=\"elementskit-btn  whitespace--normal\" id=\"\">\n\t\t\t\t\tPobierz kart\u0119 katalogow\u0105\t\t\t\t<\/a>\n\t\t\t\t\t<\/div>\n        <\/div>\t\t\t\t<\/div>\n\t\t\t\t<\/div>\n\t\t\t\t<div class=\"elementor-element elementor-element-1e2cf6b elementor-widget elementor-widget-text-editor\" data-id=\"1e2cf6b\" data-element_type=\"widget\" data-widget_type=\"text-editor.default\">\n\t\t\t\t<div class=\"elementor-widget-container\">\n\t\t\t\t\t\t\t\t\t<p><strong>moc 20 kW \u2013 ekonomiczne, komfortowe i przyjazne \u015brodowisku<\/strong><\/p>\t\t\t\t\t\t\t\t<\/div>\n\t\t\t\t<\/div>\n\t\t\t\t<div class=\"elementor-element elementor-element-50fb8b8 elementor-widget elementor-widget-text-editor\" data-id=\"50fb8b8\" data-element_type=\"widget\" data-widget_type=\"text-editor.default\">\n\t\t\t\t<div class=\"elementor-widget-container\">\n\t\t\t\t\t\t\t\t\t<div class=\"wpb_text_column wpb_content_element \"><div class=\"wpb_wrapper\"><ul><li>Klasa energetyczna A++<\/li><li>Automatyczny restart po zaniku pr\u0105du<\/li><li>Efektywna praca do -25oC temperatury zewn\u0119trznej<\/li><li>Inwerterowy kompresor Panasonic<\/li><li>Rozs\u0105dna cena i kr\u00f3tki okres zwrotu inwestycji<\/li><li>Nano pow\u0142oka parownika<\/li><li>R\u00f3\u017cnorodno\u015b\u0107 pod\u0142\u0105cze\u0144<\/li><\/ul><\/div><\/div>\t\t\t\t\t\t\t\t<\/div>\n\t\t\t\t<\/div>\n\t\t\t\t\t<\/div>\n\t\t<\/div>\n\t\t\t\t<div class=\"elementor-column elementor-col-50 elementor-top-column elementor-element elementor-element-23fe8eec\" data-id=\"23fe8eec\" data-element_type=\"column\">\n\t\t\t<div class=\"elementor-widget-wrap elementor-element-populated\">\n\t\t\t\t\t\t<div class=\"elementor-element elementor-element-7193bf4 elementor-widget elementor-widget-image\" data-id=\"7193bf4\" data-element_type=\"widget\" data-widget_type=\"image.default\">\n\t\t\t\t<div class=\"elementor-widget-container\">\n\t\t\t\t\t\t\t\t\t\t\t\t\t\t\t<img fetchpriority=\"high\" decoding=\"async\" width=\"183\" height=\"300\" src=\"https:\/\/expanseplus.pl\/wp-content\/uploads\/2022\/08\/POMPA-CIEPLA-POWIETRZE-WODA-AWH20-V5expanse-plus.jpg\" class=\"attachment-full size-full wp-image-1307\" alt=\"\" \/>\t\t\t\t\t\t\t\t\t\t\t\t\t\t\t<\/div>\n\t\t\t\t<\/div>\n\t\t\t\t<div class=\"elementor-element elementor-element-f8c0223 elementor-widget elementor-widget-image\" data-id=\"f8c0223\" data-element_type=\"widget\" data-widget_type=\"image.default\">\n\t\t\t\t<div class=\"elementor-widget-container\">\n\t\t\t\t\t\t\t\t\t\t\t\t\t\t\t<img decoding=\"async\" width=\"189\" height=\"185\" src=\"https:\/\/expanseplus.pl\/wp-content\/uploads\/2022\/08\/gwarancja-na-pompe-ciepla-5-lat.jpg\" class=\"attachment-large size-large wp-image-1311\" alt=\"\" \/>\t\t\t\t\t\t\t\t\t\t\t\t\t\t\t<\/div>\n\t\t\t\t<\/div>\n\t\t\t\t<div class=\"elementor-element elementor-element-a97dd22 elementor-align--mobilecenter elementor-align-center elementor-widget elementor-widget-elementskit-button\" data-id=\"a97dd22\" data-element_type=\"widget\" data-widget_type=\"elementskit-button.default\">\n\t\t\t\t<div class=\"elementor-widget-container\">\n\t\t\t\t\t<div class=\"ekit-wid-con\" >\t\t<div class=\"ekit-btn-wraper\">\n\t\t\t\t\t\t\t<a href=\"#kontakt\" class=\"elementskit-btn  whitespace--normal\" id=\"\">\n\t\t\t\t\tZapytaj o dost\u0119pno\u015b\u0107\t\t\t\t<\/a>\n\t\t\t\t\t<\/div>\n        <\/div>\t\t\t\t<\/div>\n\t\t\t\t<\/div>\n\t\t\t\t\t<\/div>\n\t\t<\/div>\n\t\t\t\t\t<\/div>\n\t\t<\/section>\n\t\t\t\t<section class=\"elementor-section elementor-top-section elementor-element elementor-element-57044ae elementor-section-content-middle elementor-reverse-tablet elementor-reverse-mobile elementor-section-boxed elementor-section-height-default elementor-section-height-default elementor-invisible\" data-id=\"57044ae\" data-element_type=\"section\" data-settings=\"{&quot;animation&quot;:&quot;fadeInUp&quot;}\">\n\t\t\t\t\t\t<div class=\"elementor-container elementor-column-gap-wider\">\n\t\t\t\t\t<div class=\"elementor-column elementor-col-50 elementor-top-column elementor-element elementor-element-752d12b\" data-id=\"752d12b\" data-element_type=\"column\">\n\t\t\t<div class=\"elementor-widget-wrap elementor-element-populated\">\n\t\t\t\t\t\t<div class=\"elementor-element elementor-element-530291e elementor-widget elementor-widget-image\" data-id=\"530291e\" data-element_type=\"widget\" data-widget_type=\"image.default\">\n\t\t\t\t<div class=\"elementor-widget-container\">\n\t\t\t\t\t\t\t\t\t\t\t\t\t\t\t<img decoding=\"async\" width=\"270\" height=\"393\" src=\"https:\/\/expanseplus.pl\/wp-content\/uploads\/2022\/08\/POMPA-CIEPLA-POWIETRZE-WODA-Odszraniacz-odszranianie.png\" class=\"attachment-large size-large wp-image-1313\" alt=\"\" srcset=\"https:\/\/expanseplus.pl\/wp-content\/uploads\/2022\/08\/POMPA-CIEPLA-POWIETRZE-WODA-Odszraniacz-odszranianie.png 270w, https:\/\/expanseplus.pl\/wp-content\/uploads\/2022\/08\/POMPA-CIEPLA-POWIETRZE-WODA-Odszraniacz-odszranianie-206x300.png 206w\" sizes=\"(max-width: 270px) 100vw, 270px\" \/>\t\t\t\t\t\t\t\t\t\t\t\t\t\t\t<\/div>\n\t\t\t\t<\/div>\n\t\t\t\t\t<\/div>\n\t\t<\/div>\n\t\t\t\t<div class=\"elementor-column elementor-col-50 elementor-top-column elementor-element elementor-element-6560a37\" data-id=\"6560a37\" data-element_type=\"column\">\n\t\t\t<div class=\"elementor-widget-wrap elementor-element-populated\">\n\t\t\t\t\t\t<div class=\"elementor-element elementor-element-fdfc7ba elementor-widget elementor-widget-text-editor\" data-id=\"fdfc7ba\" data-element_type=\"widget\" data-widget_type=\"text-editor.default\">\n\t\t\t\t<div class=\"elementor-widget-container\">\n\t\t\t\t\t\t\t\t\t<div class=\"vc_row wpb_row section vc_row-fluid \"><div class=\" full_section_inner clearfix\"><div class=\"wpb_column vc_column_container vc_col-sm-9\"><div class=\"vc_column-inner\"><div class=\"wpb_wrapper\"><div class=\"wpb_text_column wpb_content_element \"><div class=\"wpb_wrapper\"><p><strong>Oszcz\u0119d\u017a na kosztach ogrzewania poprzez dodanie pompy ciep\u0142a do istniej\u0105cej instalacji grzewczej.<\/strong><\/p><p><strong>Nie wyrzucaj starego kot\u0142a<\/strong>\u00a0\u2013 u\u017cyj go jako szczytowe \u017ar\u00f3d\u0142o ciep\u0142a. AWH zosta\u0142a zaprojektowana tak, aby\u00a0<strong>\u0142atwo integrowa\u0142a si\u0119 z istniej\u0105cymi systemami grzewczymi<\/strong>. Je\u015bli wyst\u0105pi taka potrzeba, grza\u0142ka wspomo\u017ce jej prac\u0119. Jednostka zewn\u0119trzna jest stylowa i kompaktowa co u\u0142atwia jej monta\u017c na niewielkiej powierzchni. Jednostka wewn\u0119trzna jest wyposa\u017cona w pomp\u0119 cyrkulacyjn\u0105, wymiennik ciep\u0142a oraz sterownik.<\/p><p><strong>Na rynek skandynawski.<\/strong><\/p><p>System split z kompletnym zimowym wyposa\u017ceniem, co oznacza \u017ce wymiana ciep\u0142a z instalacj\u0105 grzewcz\u0105 budynku odbywa si\u0119 wewn\u0105trz i tylko uk\u0142ad ch\u0142odniczy jest na zewn\u0105trz. To najbardziej efektywne i bezpieczne rozwi\u0105zanie w zimnym klimacie. Dzi\u0119ki technice inwerterowej, pompa ciep\u0142a\u00a0<strong>automatycznie dopasowuje moc grzewcz\u0105<\/strong>\u00a0do zapotrzebowania budynku na podstawie temperatury zewn\u0119trznej.<\/p><p><strong>Najwy\u017cszej klasy odszranianie; nano pow\u0142oka parownika.<\/strong><\/p><p>Przez wymiennik przep\u0142ywa du\u017ca ilo\u015b\u0107 powietrza od kt\u00f3rego jest odbierane ciep\u0142o, dlatego na wymienniku zewn\u0119trznym tworzy si\u0119 warstwa lodu.\u00a0<strong>Program odszraniania ES<\/strong>\u00a0dzia\u0142a tak, \u017ce odszranianie odbywa si\u0119 tylko, gdy jest to potrzebne. Powierzchnia parownika zosta\u0142a pokryta nano-pow\u0142ok\u0105 aby zniwelowa\u0107 formowanie si\u0119 lodu oraz zwi\u0119kszy\u0107 efektywno\u015b\u0107 pompy ciep\u0142a.<\/p><\/div><\/div><\/div><\/div><\/div><\/div><\/div><div class=\"vc_row wpb_row section vc_row-fluid \"><div class=\" full_section_inner clearfix\"><div class=\"wpb_column vc_column_container vc_col-sm-12\"><div class=\"vc_column-inner\"><div class=\"wpb_wrapper\"><div class=\"vc_empty_space\">\u00a0<\/div><\/div><\/div><\/div><\/div><\/div>\t\t\t\t\t\t\t\t<\/div>\n\t\t\t\t<\/div>\n\t\t\t\t\t<\/div>\n\t\t<\/div>\n\t\t\t\t\t<\/div>\n\t\t<\/section>\n\t\t\t\t<section class=\"elementor-section elementor-top-section elementor-element elementor-element-340f6b0 elementor-section-boxed elementor-section-height-default elementor-section-height-default\" data-id=\"340f6b0\" data-element_type=\"section\">\n\t\t\t\t\t\t<div class=\"elementor-container elementor-column-gap-default\">\n\t\t\t\t\t<div class=\"elementor-column elementor-col-100 elementor-top-column elementor-element elementor-element-77e6523\" data-id=\"77e6523\" data-element_type=\"column\">\n\t\t\t<div class=\"elementor-widget-wrap elementor-element-populated\">\n\t\t\t\t\t\t<div class=\"elementor-element elementor-element-cb1cfb3 elementor-widget elementor-widget-text-editor\" data-id=\"cb1cfb3\" data-element_type=\"widget\" data-widget_type=\"text-editor.default\">\n\t\t\t\t<div class=\"elementor-widget-container\">\n\t\t\t\t\t\t\t\t\t<p><strong>Kompletne sterowanie ciep\u0142em.<\/strong><\/p><p><strong>Seria V5+<\/strong>\u00a0jest wyposa\u017cona w\u00a0<strong>kompletne sterowanie<\/strong>\u00a0oparte na krzywej grzewczej. Im ni\u017csza jest temperatura zewn\u0119trzna, tym wy\u017csza temperatura wody jest dostarczana do obiegu grzewczego. Ta funkcja zwi\u0119ksza wydajno\u015b\u0107 pompy ciep\u0142a, gdy\u017c dostarczamy czynnik grzewczy o dok\u0142adnie takiej temperaturze, jaka jest wymagana przez budynek.<\/p><p>\u00a0<\/p><ul><li>Jednostka wewn\u0119trzna wyposa\u017cona jest w wymiennik ciep\u0142a, sterownik oraz niskoenergetyczn\u0105 pomp\u0119 cyrkulacyjn\u0105.<\/li><li>Jednostk\u0119 wewn\u0119trzn\u0105 i zewn\u0119trzn\u0105 \u0142\u0105cz\u0105 rury ch\u0142odnicze co redukuje mo\u017cliwo\u015b\u0107 uszkodzenia urz\u0105dzenia w razie zaniku pr\u0105du.<\/li><li>Pompa ciep\u0142a nadaje si\u0119 zar\u00f3wno do nowych budynk\u00f3w, jak r\u00f3wnie\u017c rozbudowy ju\u017c istniej\u0105cych system\u00f3w grzewczych, z kt\u00f3rymi \u015bwietnie si\u0119 integruje.<\/li><li>Je\u015bli pompa ciep\u0142a pokrywa 50% zapotrzebowania budynku w najzimniejsze dni w klimacie zimnym, normalnie pokrywa ona 80-90% zapotrzebowania cieplnego budynku w ci\u0105gu roku.<\/li><\/ul>\t\t\t\t\t\t\t\t<\/div>\n\t\t\t\t<\/div>\n\t\t\t\t<div class=\"elementor-element elementor-element-5fdadc7 elementor-widget elementor-widget-image\" data-id=\"5fdadc7\" data-element_type=\"widget\" data-widget_type=\"image.default\">\n\t\t\t\t<div class=\"elementor-widget-container\">\n\t\t\t\t\t\t\t\t\t\t\t\t\t\t\t<img loading=\"lazy\" decoding=\"async\" width=\"1354\" height=\"1647\" src=\"https:\/\/expanseplus.pl\/wp-content\/uploads\/2022\/08\/POMPA-CIEPLA-POWIETRZE_WODA-tabelka.jpg\" class=\"attachment-full size-full wp-image-1314\" alt=\"\" srcset=\"https:\/\/expanseplus.pl\/wp-content\/uploads\/2022\/08\/POMPA-CIEPLA-POWIETRZE_WODA-tabelka.jpg 1354w, https:\/\/expanseplus.pl\/wp-content\/uploads\/2022\/08\/POMPA-CIEPLA-POWIETRZE_WODA-tabelka-247x300.jpg 247w, https:\/\/expanseplus.pl\/wp-content\/uploads\/2022\/08\/POMPA-CIEPLA-POWIETRZE_WODA-tabelka-842x1024.jpg 842w, https:\/\/expanseplus.pl\/wp-content\/uploads\/2022\/08\/POMPA-CIEPLA-POWIETRZE_WODA-tabelka-768x934.jpg 768w, https:\/\/expanseplus.pl\/wp-content\/uploads\/2022\/08\/POMPA-CIEPLA-POWIETRZE_WODA-tabelka-1263x1536.jpg 1263w\" sizes=\"(max-width: 1354px) 100vw, 1354px\" \/>\t\t\t\t\t\t\t\t\t\t\t\t\t\t\t<\/div>\n\t\t\t\t<\/div>\n\t\t\t\t\t<\/div>\n\t\t<\/div>\n\t\t\t\t\t<\/div>\n\t\t<\/section>\n\t\t\t\t<section class=\"elementor-section elementor-top-section elementor-element elementor-element-9b62d5b elementor-section-boxed elementor-section-height-default elementor-section-height-default\" data-id=\"9b62d5b\" data-element_type=\"section\" data-settings=\"{&quot;background_background&quot;:&quot;classic&quot;}\">\n\t\t\t\t\t\t<div class=\"elementor-container elementor-column-gap-default\">\n\t\t\t\t\t<div class=\"elementor-column elementor-col-50 elementor-top-column elementor-element elementor-element-c07c697 elementor-invisible\" data-id=\"c07c697\" data-element_type=\"column\" data-settings=\"{&quot;background_background&quot;:&quot;classic&quot;,&quot;animation&quot;:&quot;bounceInDown&quot;}\">\n\t\t\t<div class=\"elementor-widget-wrap elementor-element-populated\">\n\t\t\t\t\t\t<div class=\"elementor-element elementor-element-d680971 elementor-button-align-stretch elementor-widget elementor-widget-form\" data-id=\"d680971\" data-element_type=\"widget\" id=\"kontakt\" data-settings=\"{&quot;step_next_label&quot;:&quot;Next&quot;,&quot;step_previous_label&quot;:&quot;Previous&quot;,&quot;button_width&quot;:&quot;100&quot;,&quot;step_type&quot;:&quot;number_text&quot;,&quot;step_icon_shape&quot;:&quot;circle&quot;}\" data-widget_type=\"form.default\">\n\t\t\t\t<div class=\"elementor-widget-container\">\n\t\t\t\t\t\t\t<form class=\"elementor-form\" method=\"post\" name=\"New Form\">\n\t\t\t<input type=\"hidden\" name=\"post_id\" value=\"1301\"\/>\n\t\t\t<input type=\"hidden\" name=\"form_id\" value=\"d680971\"\/>\n\t\t\t<input type=\"hidden\" name=\"referer_title\" value=\"\" \/>\n\n\t\t\t\n\t\t\t<div class=\"elementor-form-fields-wrapper elementor-labels-above\">\n\t\t\t\t\t\t\t\t<div class=\"elementor-field-type-text elementor-field-group elementor-column elementor-field-group-name elementor-col-50 elementor-field-required elementor-mark-required\">\n\t\t\t\t\t\t\t\t\t\t\t\t<label for=\"form-field-name\" class=\"elementor-field-label\">\n\t\t\t\t\t\t\t\tImi\u0119\t\t\t\t\t\t\t<\/label>\n\t\t\t\t\t\t\t\t\t\t\t\t\t\t<input size=\"1\" type=\"text\" name=\"form_fields[name]\" id=\"form-field-name\" class=\"elementor-field elementor-size-md  elementor-field-textual\" required=\"required\">\n\t\t\t\t\t\t\t\t\t\t\t<\/div>\n\t\t\t\t\t\t\t\t<div class=\"elementor-field-type-text elementor-field-group elementor-column elementor-field-group-field_e7bd9ad elementor-col-50\">\n\t\t\t\t\t\t\t\t\t\t\t\t<label for=\"form-field-field_e7bd9ad\" class=\"elementor-field-label\">\n\t\t\t\t\t\t\t\tNazwa firmy\t\t\t\t\t\t\t<\/label>\n\t\t\t\t\t\t\t\t\t\t\t\t\t\t<input size=\"1\" type=\"text\" name=\"form_fields[field_e7bd9ad]\" id=\"form-field-field_e7bd9ad\" class=\"elementor-field elementor-size-md  elementor-field-textual\">\n\t\t\t\t\t\t\t\t\t\t\t<\/div>\n\t\t\t\t\t\t\t\t<div class=\"elementor-field-type-email elementor-field-group elementor-column elementor-field-group-email elementor-col-50 elementor-field-required elementor-mark-required\">\n\t\t\t\t\t\t\t\t\t\t\t\t<label for=\"form-field-email\" class=\"elementor-field-label\">\n\t\t\t\t\t\t\t\tEmail\t\t\t\t\t\t\t<\/label>\n\t\t\t\t\t\t\t\t\t\t\t\t\t\t<input size=\"1\" type=\"email\" name=\"form_fields[email]\" id=\"form-field-email\" class=\"elementor-field elementor-size-md  elementor-field-textual\" required=\"required\">\n\t\t\t\t\t\t\t\t\t\t\t<\/div>\n\t\t\t\t\t\t\t\t<div class=\"elementor-field-type-tel elementor-field-group elementor-column elementor-field-group-field_9f4d194 elementor-col-50\">\n\t\t\t\t\t\t\t\t\t\t\t\t<label for=\"form-field-field_9f4d194\" class=\"elementor-field-label\">\n\t\t\t\t\t\t\t\tTelefon\t\t\t\t\t\t\t<\/label>\n\t\t\t\t\t\t\t\t<input size=\"1\" type=\"tel\" name=\"form_fields[field_9f4d194]\" id=\"form-field-field_9f4d194\" class=\"elementor-field elementor-size-md  elementor-field-textual\" pattern=\"[0-9()#&amp;+*-=.]+\" title=\"Akceptowane s\u0105 jedynie cyfry i znaki telefoniczne (#,-,*).\">\n\n\t\t\t\t\t\t<\/div>\n\t\t\t\t\t\t\t\t<div class=\"elementor-field-type-text elementor-field-group elementor-column elementor-field-group-field_d2a7675 elementor-col-100 elementor-field-required elementor-mark-required\">\n\t\t\t\t\t\t\t\t\t\t\t\t<label for=\"form-field-field_d2a7675\" class=\"elementor-field-label\">\n\t\t\t\t\t\t\t\tTemat wiadomo\u015bci\t\t\t\t\t\t\t<\/label>\n\t\t\t\t\t\t\t\t\t\t\t\t\t\t<input size=\"1\" type=\"text\" name=\"form_fields[field_d2a7675]\" id=\"form-field-field_d2a7675\" class=\"elementor-field elementor-size-md  elementor-field-textual\" required=\"required\">\n\t\t\t\t\t\t\t\t\t\t\t<\/div>\n\t\t\t\t\t\t\t\t<div class=\"elementor-field-type-textarea elementor-field-group elementor-column elementor-field-group-message elementor-col-100\">\n\t\t\t\t\t\t\t\t\t\t\t\t<label for=\"form-field-message\" class=\"elementor-field-label\">\n\t\t\t\t\t\t\t\tTwoja wiadomo\u015b\u0107\t\t\t\t\t\t\t<\/label>\n\t\t\t\t\t\t<textarea class=\"elementor-field-textual elementor-field  elementor-size-md\" name=\"form_fields[message]\" id=\"form-field-message\" rows=\"4\"><\/textarea>\t\t\t\t<\/div>\n\t\t\t\t\t\t\t\t<div class=\"elementor-field-type-acceptance elementor-field-group elementor-column elementor-field-group-field_62f96d9 elementor-col-100\">\n\t\t\t\t\t\t\t<div class=\"elementor-field-subgroup\">\n\t\t\t<span class=\"elementor-field-option\">\n\t\t\t\t<input type=\"checkbox\" name=\"form_fields[field_62f96d9]\" id=\"form-field-field_62f96d9\" class=\"elementor-field elementor-size-md  elementor-acceptance-field\">\n\t\t\t\t<label for=\"form-field-field_62f96d9\"><span style=\"font-size: 8pt;\">Wyra\u017cam zgod\u0119 na przetwarzanie danych osobowych przez Expanseplus w celu odpowiedzi i obs\u0142ugi przes\u0142anego zapytania. Przyjmuj\u0119 do wiadomo\u015bci, \u017ce przys\u0142uguje mi prawo dost\u0119pu do swoich danych, mo\u017cliwo\u015b\u0107 ich poprawiania oraz \u017c\u0105dania zaprzestania ich przetwarzania. Administratorem danych jest Expanseplus. Informacje na temat przetwarzania Twoich danych osobowych znajdziesz w naszej <span style=\"color: #ff0000;\"><a style=\"color: #000000;\" href=\"#\" target=\"_blank\" rel=\"noopener noreferrer\">polityce prywatno\u015bci.<\/a><\/span><\/span><\/label>\t\t\t<\/span>\n\t\t<\/div>\n\t\t\t\t\t\t<\/div>\n\t\t\t\t\t\t\t\t<div class=\"elementor-field-group elementor-column elementor-field-type-submit elementor-col-100 e-form__buttons\">\n\t\t\t\t\t<button class=\"elementor-button elementor-size-md\" type=\"submit\">\n\t\t\t\t\t\t<span class=\"elementor-button-content-wrapper\">\n\t\t\t\t\t\t\t\t\t\t\t\t\t\t\t\t\t\t\t\t\t\t<span class=\"elementor-button-text\">Wy\u015blij zg\u0142oszenie<\/span>\n\t\t\t\t\t\t\t\t\t\t\t\t\t<\/span>\n\t\t\t\t\t<\/button>\n\t\t\t\t<\/div>\n\t\t\t<\/div>\n\t\t<\/form>\n\t\t\t\t\t\t<\/div>\n\t\t\t\t<\/div>\n\t\t\t\t\t<\/div>\n\t\t<\/div>\n\t\t\t\t<div class=\"elementor-column elementor-col-50 elementor-top-column elementor-element elementor-element-a6d9616 elementor-invisible\" data-id=\"a6d9616\" data-element_type=\"column\" data-settings=\"{&quot;animation&quot;:&quot;fadeInRight&quot;}\">\n\t\t\t<div class=\"elementor-widget-wrap elementor-element-populated\">\n\t\t\t\t\t\t<div class=\"elementor-element elementor-element-8a00eff elementor-widget elementor-widget-heading\" data-id=\"8a00eff\" data-element_type=\"widget\" data-widget_type=\"heading.default\">\n\t\t\t\t<div class=\"elementor-widget-container\">\n\t\t\t\t\t<h6 class=\"elementor-heading-title elementor-size-default\">BIURO CZYNNE 10:00 - 17:00\n<\/h6>\t\t\t\t<\/div>\n\t\t\t\t<\/div>\n\t\t\t\t<div class=\"elementor-element elementor-element-08c4864 elementor-widget elementor-widget-heading\" data-id=\"08c4864\" data-element_type=\"widget\" data-widget_type=\"heading.default\">\n\t\t\t\t<div class=\"elementor-widget-container\">\n\t\t\t\t\t<h2 class=\"elementor-heading-title elementor-size-default\">Masz pytania, zadzwo\u0144!\n<br>+48 781 244 781<\/h2>\t\t\t\t<\/div>\n\t\t\t\t<\/div>\n\t\t\t\t<div class=\"elementor-element elementor-element-91bab02 elementor-icon-list--layout-traditional elementor-list-item-link-full_width elementor-widget elementor-widget-icon-list\" data-id=\"91bab02\" data-element_type=\"widget\" data-widget_type=\"icon-list.default\">\n\t\t\t\t<div class=\"elementor-widget-container\">\n\t\t\t\t\t\t\t<ul class=\"elementor-icon-list-items\">\n\t\t\t\t\t\t\t<li class=\"elementor-icon-list-item\">\n\t\t\t\t\t\t\t\t\t\t\t<span class=\"elementor-icon-list-icon\">\n\t\t\t\t\t\t\t<i aria-hidden=\"true\" class=\"fas fa-check\"><\/i>\t\t\t\t\t\t<\/span>\n\t\t\t\t\t\t\t\t\t\t<span class=\"elementor-icon-list-text\">Dedykowany opiekun projektu<\/span>\n\t\t\t\t\t\t\t\t\t<\/li>\n\t\t\t\t\t\t\t\t<li class=\"elementor-icon-list-item\">\n\t\t\t\t\t\t\t\t\t\t\t<span class=\"elementor-icon-list-icon\">\n\t\t\t\t\t\t\t<i aria-hidden=\"true\" class=\"fas fa-check\"><\/i>\t\t\t\t\t\t<\/span>\n\t\t\t\t\t\t\t\t\t\t<span class=\"elementor-icon-list-text\">Oferty szyte na miar\u0119 Twoich potrzeb <\/span>\n\t\t\t\t\t\t\t\t\t<\/li>\n\t\t\t\t\t\t\t\t<li class=\"elementor-icon-list-item\">\n\t\t\t\t\t\t\t\t\t\t\t<span class=\"elementor-icon-list-icon\">\n\t\t\t\t\t\t\t<i aria-hidden=\"true\" class=\"fas fa-check\"><\/i>\t\t\t\t\t\t<\/span>\n\t\t\t\t\t\t\t\t\t\t<span class=\"elementor-icon-list-text\">Jeste\u015bmy dost\u0119pni na terenie \u0141odzi<\/span>\n\t\t\t\t\t\t\t\t\t<\/li>\n\t\t\t\t\t\t\t\t<li class=\"elementor-icon-list-item\">\n\t\t\t\t\t\t\t\t\t\t\t<span class=\"elementor-icon-list-icon\">\n\t\t\t\t\t\t\t<i aria-hidden=\"true\" class=\"fas fa-check\"><\/i>\t\t\t\t\t\t<\/span>\n\t\t\t\t\t\t\t\t\t\t<span class=\"elementor-icon-list-text\">Doje\u017cd\u017camy w ka\u017cde miejsce projektu<\/span>\n\t\t\t\t\t\t\t\t\t<\/li>\n\t\t\t\t\t\t<\/ul>\n\t\t\t\t\t\t<\/div>\n\t\t\t\t<\/div>\n\t\t\t\t\t<\/div>\n\t\t<\/div>\n\t\t\t\t\t<\/div>\n\t\t<\/section>\n\t\t\t\t<\/div>\n\t\t","protected":false},"excerpt":{"rendered":"<p>POMPA CIEP\u0141A POWIETRZE\/WODA AWH20-V5+ AWH 20-V5+ Pobierz kart\u0119 katalogow\u0105 moc 20 kW \u2013 ekonomiczne, komfortowe i przyjazne \u015brodowisku Klasa energetyczna A++ Automatyczny restart po zaniku pr\u0105du Efektywna praca do -25oC temperatury zewn\u0119trznej Inwerterowy kompresor Panasonic Rozs\u0105dna cena i kr\u00f3tki okres zwrotu inwestycji Nano pow\u0142oka parownika R\u00f3\u017cnorodno\u015b\u0107 pod\u0142\u0105cze\u0144 Zapytaj o dost\u0119pno\u015b\u0107 Oszcz\u0119d\u017a na kosztach ogrzewania poprzez [&hellip;]<\/p>\n","protected":false},"author":1,"featured_media":0,"parent":0,"menu_order":0,"comment_status":"closed","ping_status":"closed","template":"elementor_header_footer","meta":{"footnotes":""},"class_list":["post-1301","page","type-page","status-publish","hentry"],"_links":{"self":[{"href":"https:\/\/expanseplus.pl\/pl\/wp-json\/wp\/v2\/pages\/1301","targetHints":{"allow":["GET"]}}],"collection":[{"href":"https:\/\/expanseplus.pl\/pl\/wp-json\/wp\/v2\/pages"}],"about":[{"href":"https:\/\/expanseplus.pl\/pl\/wp-json\/wp\/v2\/types\/page"}],"author":[{"embeddable":true,"href":"https:\/\/expanseplus.pl\/pl\/wp-json\/wp\/v2\/users\/1"}],"replies":[{"embeddable":true,"href":"https:\/\/expanseplus.pl\/pl\/wp-json\/wp\/v2\/comments?post=1301"}],"version-history":[{"count":0,"href":"https:\/\/expanseplus.pl\/pl\/wp-json\/wp\/v2\/pages\/1301\/revisions"}],"wp:attachment":[{"href":"https:\/\/expanseplus.pl\/pl\/wp-json\/wp\/v2\/media?parent=1301"}],"curies":[{"name":"wp","href":"https:\/\/api.w.org\/{rel}","templated":true}]}}