{"id":1355,"date":"2022-08-16T16:36:11","date_gmt":"2022-08-16T14:36:11","guid":{"rendered":"https:\/\/expanseplus.vebi.pl\/?page_id=1355"},"modified":"2022-08-16T16:41:48","modified_gmt":"2022-08-16T14:41:48","slug":"i32-v5-inwerterowa-pompa-ciepla-monoblok","status":"publish","type":"page","link":"https:\/\/expanseplus.pl\/pl\/i32-v5-inwerterowa-pompa-ciepla-monoblok\/","title":{"rendered":"I32-V5 INWERTEROWA POMPA CIEP\u0141A MONOBLOK\ufffc"},"content":{"rendered":"\t\t<div data-elementor-type=\"wp-page\" data-elementor-id=\"1355\" class=\"elementor elementor-1355\" data-elementor-post-type=\"page\">\n\t\t\t\t\t\t<section class=\"elementor-section elementor-top-section elementor-element elementor-element-31173a14 elementor-section-boxed elementor-section-height-default elementor-section-height-default\" data-id=\"31173a14\" data-element_type=\"section\" data-settings=\"{&quot;background_background&quot;:&quot;classic&quot;}\">\n\t\t\t\t\t\t\t<div class=\"elementor-background-overlay\"><\/div>\n\t\t\t\t\t\t\t<div class=\"elementor-container elementor-column-gap-default\">\n\t\t\t\t\t<div class=\"elementor-column elementor-col-100 elementor-top-column elementor-element elementor-element-6ac1febb\" data-id=\"6ac1febb\" data-element_type=\"column\" data-settings=\"{&quot;background_background&quot;:&quot;classic&quot;}\">\n\t\t\t<div class=\"elementor-widget-wrap\">\n\t\t\t\t\t\t\t<\/div>\n\t\t<\/div>\n\t\t\t\t\t<\/div>\n\t\t<\/section>\n\t\t\t\t<section class=\"elementor-section elementor-top-section elementor-element elementor-element-3d79efb8 elementor-section-content-middle elementor-section-boxed elementor-section-height-default elementor-section-height-default elementor-invisible\" data-id=\"3d79efb8\" data-element_type=\"section\" data-settings=\"{&quot;animation&quot;:&quot;fadeInUp&quot;}\">\n\t\t\t\t\t\t<div class=\"elementor-container elementor-column-gap-wider\">\n\t\t\t\t\t<div class=\"elementor-column elementor-col-50 elementor-top-column elementor-element elementor-element-3abef5d\" data-id=\"3abef5d\" data-element_type=\"column\">\n\t\t\t<div class=\"elementor-widget-wrap elementor-element-populated\">\n\t\t\t\t\t\t<div class=\"elementor-element elementor-element-572783b6 elementor-widget elementor-widget-heading\" data-id=\"572783b6\" data-element_type=\"widget\" data-widget_type=\"heading.default\">\n\t\t\t\t<div class=\"elementor-widget-container\">\n\t\t\t\t\t<h1 class=\"elementor-heading-title elementor-size-default\">I32-V5 INWERTEROWA POMPA CIEP\u0141A MONOBLOK<\/h1>\t\t\t\t<\/div>\n\t\t\t\t<\/div>\n\t\t\t\t<div class=\"elementor-element elementor-element-713207d elementor-widget elementor-widget-heading\" data-id=\"713207d\" data-element_type=\"widget\" data-widget_type=\"heading.default\">\n\t\t\t\t<div class=\"elementor-widget-container\">\n\t\t\t\t\t<h2 class=\"elementor-heading-title elementor-size-default\">Dziesi\u0119\u0107 modeli: najbardziej kompaktowe i najlepsza wydajno\u015b\u0107!\n\n<\/h2>\t\t\t\t<\/div>\n\t\t\t\t<\/div>\n\t\t\t\t<div class=\"elementor-element elementor-element-a0592c5 elementor-align--mobilecenter elementor-align-left premium-floating-effects-yes elementor-widget elementor-widget-elementskit-button\" data-id=\"a0592c5\" data-element_type=\"widget\" data-settings=\"{&quot;premium_fe_direction&quot;:&quot;normal&quot;,&quot;ep_floating_effects_show&quot;:&quot;yes&quot;,&quot;premium_fe_loop&quot;:&quot;default&quot;,&quot;premium_fe_easing&quot;:&quot;easeInOutSine&quot;,&quot;ep_floating_effects_easing&quot;:&quot;easeInOutQuad&quot;}\" data-widget_type=\"elementskit-button.default\">\n\t\t\t\t<div class=\"elementor-widget-container\">\n\t\t\t\t\t<div class=\"ekit-wid-con\" >\t\t<div class=\"ekit-btn-wraper\">\n\t\t\t\t\t\t\t<a href=\"https:\/\/expanseplus.plwp-content\/uploads\/2022\/08\/I32-V5-INWERTEROWA-POMPA-CIEPLA-MONOBLOK-katalog.pdf\" class=\"elementskit-btn  whitespace--normal\" id=\"\">\n\t\t\t\t\tPobierz kart\u0119 katalogow\u0105\t\t\t\t<\/a>\n\t\t\t\t\t<\/div>\n        <\/div>\t\t\t\t<\/div>\n\t\t\t\t<\/div>\n\t\t\t\t<div class=\"elementor-element elementor-element-1e2cf6b elementor-widget elementor-widget-text-editor\" data-id=\"1e2cf6b\" data-element_type=\"widget\" data-widget_type=\"text-editor.default\">\n\t\t\t\t<div class=\"elementor-widget-container\">\n\t\t\t\t\t\t\t\t\t<p>Zastosowanie technologii inwerterowej wraz z silnikami bezszczotkowymi DC zapewnia wy\u017csz\u0105 ca\u0142kowit\u0105 wydajno\u015b\u0107 energetyczn\u0105 urz\u0105dze\u0144 dzi\u0119ki wysokiej i skutecznej modulacji mocy. Dodatkowo wysoka jako\u015b\u0107 pozosta\u0142ych komponent\u00f3w zapewnia popraw\u0119 COP i EER oraz znaczny wzrost wydajno\u015bci obci\u0105\u017ce\u0144 cz\u0119\u015bciowych.<\/p><h4 class=\"page-header\">Czyste powietrze<\/h4><p class=\"page-header\">Wszystkie pompy ciep\u0142a\u00a0<strong>MAXA i32-V5<\/strong>\u00a0spe\u0142niaj\u0105 nowe wymogi programu CZYSTE POWIETRZE posiadaj\u0105c klas\u0119 energetyczn\u0105 A++ przy temperaturze wody 55<sup>o<\/sup>C<\/p>\t\t\t\t\t\t\t\t<\/div>\n\t\t\t\t<\/div>\n\t\t\t\t<div class=\"elementor-element elementor-element-50fb8b8 elementor-widget elementor-widget-text-editor\" data-id=\"50fb8b8\" data-element_type=\"widget\" data-widget_type=\"text-editor.default\">\n\t\t\t\t<div class=\"elementor-widget-container\">\n\t\t\t\t\t\t\t\t\t<div class=\"wpb_text_column wpb_content_element \"><div class=\"wpb_wrapper\"><p><strong>SYSTEM STEROWANIA:<\/strong><br \/>\u2022 Wszystkie urz\u0105dzenia mog\u0105 pracowa\u0107 w trzech r\u00f3\u017cnych trybach: grzania, ch\u0142odzenia i podgrzewania CWU, ze specjalnymi programami, kt\u00f3re zwi\u0119kszaj\u0105 wydajno\u015b\u0107 w ka\u017cdych warunkach, z mo\u017cliwym zarz\u0105dzaniem krzyw\u0105 temperatury.<br \/>\u2022 Urz\u0105dzenia z serii V5 s\u0105 w stanie obs\u0142ugiwa\u0107 zawory mieszaj\u0105ce, prze\u0142\u0105czaj\u0105ce i pompy obiegowe; S\u0105 r\u00f3wnie\u017c w stanie kontrolowa\u0107 system solarny. Mo\u017cliwa jest integracja z zewn\u0119trznymi \u017ar\u00f3d\u0142ami\u00a0 iep\u0142a oraz z zewn\u0119trznymi systemami automatyki domowej lub Domotic. Wszystkimi seriami i-32 \/ V5 mo\u017cna sterowa\u0107 zdalnie (akcesorium HI-T), uzyskuj\u0105c bezpo\u015bredni dost\u0119p do systemu z dowolnej przegl\u0105darki (po\u0142\u0105czenie z istniej\u0105c\u0105 sieci\u0105 za pomoc\u0105 kabla Ethernet).<\/p><\/div><\/div>\t\t\t\t\t\t\t\t<\/div>\n\t\t\t\t<\/div>\n\t\t\t\t\t<\/div>\n\t\t<\/div>\n\t\t\t\t<div class=\"elementor-column elementor-col-50 elementor-top-column elementor-element elementor-element-23fe8eec\" data-id=\"23fe8eec\" data-element_type=\"column\">\n\t\t\t<div class=\"elementor-widget-wrap elementor-element-populated\">\n\t\t\t\t\t\t<div class=\"elementor-element elementor-element-7193bf4 elementor-widget elementor-widget-image\" data-id=\"7193bf4\" data-element_type=\"widget\" data-widget_type=\"image.default\">\n\t\t\t\t<div class=\"elementor-widget-container\">\n\t\t\t\t\t\t\t\t\t\t\t\t\t\t\t<img fetchpriority=\"high\" decoding=\"async\" width=\"244\" height=\"213\" src=\"https:\/\/expanseplus.pl\/wp-content\/uploads\/2022\/08\/I32-V5-INWERTEROWA-POMPA-CIEPLA-MONOBLOK-expanse-plus-cena.png\" class=\"attachment-large size-large wp-image-1363\" alt=\"\" \/>\t\t\t\t\t\t\t\t\t\t\t\t\t\t\t<\/div>\n\t\t\t\t<\/div>\n\t\t\t\t<div class=\"elementor-element elementor-element-89aa02a elementor-widget elementor-widget-text-editor\" data-id=\"89aa02a\" data-element_type=\"widget\" data-widget_type=\"text-editor.default\">\n\t\t\t\t<div class=\"elementor-widget-container\">\n\t\t\t\t\t\t\t\t\t<div class=\"wpb_text_column wpb_content_element \"><div class=\"wpb_wrapper\"><p><strong>BUDOWA:<br \/><\/strong>\u2022 W\u0142asny system sterowania. Mikrokoprocesorowe sterowanie elektronicznym zaworem rozpr\u0119\u017cnym (optymalne przegrzanie).<br \/>\u2022 Kompresor: Twin Rotary DC inverter MITSUBISHI<br \/>\u2022 Wentylator: osiowy z mudulowan\u0105 pr\u0119dko\u015bci\u0105 (DC).<br \/>\u2022 Parownik. Zoptymalizowany obw\u00f3d z rurkami miedzainymi i aluminiowym u\u017cebrowaniem.<br \/>\u2022 Skraplacz. P\u0142ytowy \u2013 wykonany ze stali nierdzewnej AISI 304 o zmniejszonym spadku ci\u015bnienia po stronie wody.<br \/>\u2022 Obw\u00f3d ch\u0142odniczy: Obw\u00f3d sk\u0142ada si\u0119 z rur miedzianych i obejmuje: kontrol\u0119 skraplania, elektroniczny zaw\u00f3r rozpr\u0119\u017cny, zaw\u00f3r 4-drogowy, presostat wysokiego \/ niskiego ci\u015bnienia, separator i odbiornik cieczy, zawory do konserwacji i kontroli, podw\u00f3jne ci\u015bnienie wlotowe, rzetworniki wysokiego i niskiego\u00a0ci\u015bnienia .<br \/>\u2022 Zintegrowany obw\u00f3d hydrauliczny: wysokowydajna elektroniczna pompa obiegowa o zmiennej wydajno\u015bci, zbiornik wyr\u00f3wnawczy, czujnik przep\u0142ywu, zaw\u00f3r odpowietrzaj\u0105cy, zaw\u00f3r bezpiecze\u0144stwa (6 bar\u00f3w), manometr, zaw\u00f3r spustowy i nape\u0142niaj\u0105cy.<\/p><\/div><\/div>\t\t\t\t\t\t\t\t<\/div>\n\t\t\t\t<\/div>\n\t\t\t\t<div class=\"elementor-element elementor-element-a97dd22 elementor-align--mobilecenter elementor-align-center elementor-widget elementor-widget-elementskit-button\" data-id=\"a97dd22\" data-element_type=\"widget\" data-widget_type=\"elementskit-button.default\">\n\t\t\t\t<div class=\"elementor-widget-container\">\n\t\t\t\t\t<div class=\"ekit-wid-con\" >\t\t<div class=\"ekit-btn-wraper\">\n\t\t\t\t\t\t\t<a href=\"#kontakt\" class=\"elementskit-btn  whitespace--normal\" id=\"\">\n\t\t\t\t\tZapytaj o dost\u0119pno\u015b\u0107\t\t\t\t<\/a>\n\t\t\t\t\t<\/div>\n        <\/div>\t\t\t\t<\/div>\n\t\t\t\t<\/div>\n\t\t\t\t\t<\/div>\n\t\t<\/div>\n\t\t\t\t\t<\/div>\n\t\t<\/section>\n\t\t\t\t<section class=\"elementor-section elementor-top-section elementor-element elementor-element-b06ccb3 elementor-section-boxed elementor-section-height-default elementor-section-height-default\" data-id=\"b06ccb3\" data-element_type=\"section\">\n\t\t\t\t\t\t<div class=\"elementor-container elementor-column-gap-default\">\n\t\t\t\t\t<div class=\"elementor-column elementor-col-100 elementor-top-column elementor-element elementor-element-9593c26\" data-id=\"9593c26\" data-element_type=\"column\">\n\t\t\t<div class=\"elementor-widget-wrap elementor-element-populated\">\n\t\t\t\t\t\t<div class=\"elementor-element elementor-element-d153539 elementor-widget elementor-widget-image\" data-id=\"d153539\" data-element_type=\"widget\" data-widget_type=\"image.default\">\n\t\t\t\t<div class=\"elementor-widget-container\">\n\t\t\t\t\t\t\t\t\t\t\t\t\t\t\t<img decoding=\"async\" width=\"1307\" height=\"1314\" src=\"https:\/\/expanseplus.pl\/wp-content\/uploads\/2022\/08\/I32-V5-INWERTEROWA-POMPA-CIEPLA-MONOBLOK-1.png\" class=\"attachment-full size-full wp-image-1357\" alt=\"\" srcset=\"https:\/\/expanseplus.pl\/wp-content\/uploads\/2022\/08\/I32-V5-INWERTEROWA-POMPA-CIEPLA-MONOBLOK-1.png 1307w, https:\/\/expanseplus.pl\/wp-content\/uploads\/2022\/08\/I32-V5-INWERTEROWA-POMPA-CIEPLA-MONOBLOK-1-298x300.png 298w, https:\/\/expanseplus.pl\/wp-content\/uploads\/2022\/08\/I32-V5-INWERTEROWA-POMPA-CIEPLA-MONOBLOK-1-1019x1024.png 1019w, https:\/\/expanseplus.pl\/wp-content\/uploads\/2022\/08\/I32-V5-INWERTEROWA-POMPA-CIEPLA-MONOBLOK-1-150x150.png 150w, https:\/\/expanseplus.pl\/wp-content\/uploads\/2022\/08\/I32-V5-INWERTEROWA-POMPA-CIEPLA-MONOBLOK-1-768x772.png 768w\" sizes=\"(max-width: 1307px) 100vw, 1307px\" \/>\t\t\t\t\t\t\t\t\t\t\t\t\t\t\t<\/div>\n\t\t\t\t<\/div>\n\t\t\t\t<div class=\"elementor-element elementor-element-25a7584 elementor-widget elementor-widget-image\" data-id=\"25a7584\" data-element_type=\"widget\" data-widget_type=\"image.default\">\n\t\t\t\t<div class=\"elementor-widget-container\">\n\t\t\t\t\t\t\t\t\t\t\t\t\t\t\t<img decoding=\"async\" width=\"1331\" height=\"1475\" src=\"https:\/\/expanseplus.pl\/wp-content\/uploads\/2022\/08\/I32-V5-INWERTEROWA-POMPA-CIEPLA-MONOBLOK-2-expanse.png\" class=\"attachment-full size-full wp-image-1359\" alt=\"\" srcset=\"https:\/\/expanseplus.pl\/wp-content\/uploads\/2022\/08\/I32-V5-INWERTEROWA-POMPA-CIEPLA-MONOBLOK-2-expanse.png 1331w, https:\/\/expanseplus.pl\/wp-content\/uploads\/2022\/08\/I32-V5-INWERTEROWA-POMPA-CIEPLA-MONOBLOK-2-expanse-271x300.png 271w, https:\/\/expanseplus.pl\/wp-content\/uploads\/2022\/08\/I32-V5-INWERTEROWA-POMPA-CIEPLA-MONOBLOK-2-expanse-924x1024.png 924w, https:\/\/expanseplus.pl\/wp-content\/uploads\/2022\/08\/I32-V5-INWERTEROWA-POMPA-CIEPLA-MONOBLOK-2-expanse-768x851.png 768w\" sizes=\"(max-width: 1331px) 100vw, 1331px\" \/>\t\t\t\t\t\t\t\t\t\t\t\t\t\t\t<\/div>\n\t\t\t\t<\/div>\n\t\t\t\t\t<\/div>\n\t\t<\/div>\n\t\t\t\t\t<\/div>\n\t\t<\/section>\n\t\t\t\t<section class=\"elementor-section elementor-top-section elementor-element elementor-element-9b62d5b elementor-section-boxed elementor-section-height-default elementor-section-height-default\" data-id=\"9b62d5b\" data-element_type=\"section\" data-settings=\"{&quot;background_background&quot;:&quot;classic&quot;}\">\n\t\t\t\t\t\t<div class=\"elementor-container elementor-column-gap-default\">\n\t\t\t\t\t<div class=\"elementor-column elementor-col-50 elementor-top-column elementor-element elementor-element-c07c697 elementor-invisible\" data-id=\"c07c697\" data-element_type=\"column\" data-settings=\"{&quot;background_background&quot;:&quot;classic&quot;,&quot;animation&quot;:&quot;bounceInDown&quot;}\">\n\t\t\t<div class=\"elementor-widget-wrap elementor-element-populated\">\n\t\t\t\t\t\t<div class=\"elementor-element elementor-element-d680971 elementor-button-align-stretch elementor-widget elementor-widget-form\" data-id=\"d680971\" data-element_type=\"widget\" id=\"kontakt\" data-settings=\"{&quot;step_next_label&quot;:&quot;Next&quot;,&quot;step_previous_label&quot;:&quot;Previous&quot;,&quot;button_width&quot;:&quot;100&quot;,&quot;step_type&quot;:&quot;number_text&quot;,&quot;step_icon_shape&quot;:&quot;circle&quot;}\" data-widget_type=\"form.default\">\n\t\t\t\t<div class=\"elementor-widget-container\">\n\t\t\t\t\t\t\t<form class=\"elementor-form\" method=\"post\" name=\"New Form\">\n\t\t\t<input type=\"hidden\" name=\"post_id\" value=\"1355\"\/>\n\t\t\t<input type=\"hidden\" name=\"form_id\" value=\"d680971\"\/>\n\t\t\t<input type=\"hidden\" name=\"referer_title\" value=\"\" \/>\n\n\t\t\t\n\t\t\t<div class=\"elementor-form-fields-wrapper elementor-labels-above\">\n\t\t\t\t\t\t\t\t<div class=\"elementor-field-type-text elementor-field-group elementor-column elementor-field-group-name elementor-col-50 elementor-field-required elementor-mark-required\">\n\t\t\t\t\t\t\t\t\t\t\t\t<label for=\"form-field-name\" class=\"elementor-field-label\">\n\t\t\t\t\t\t\t\tImi\u0119\t\t\t\t\t\t\t<\/label>\n\t\t\t\t\t\t\t\t\t\t\t\t\t\t<input size=\"1\" type=\"text\" name=\"form_fields[name]\" id=\"form-field-name\" class=\"elementor-field elementor-size-md  elementor-field-textual\" required=\"required\">\n\t\t\t\t\t\t\t\t\t\t\t<\/div>\n\t\t\t\t\t\t\t\t<div class=\"elementor-field-type-text elementor-field-group elementor-column elementor-field-group-field_e7bd9ad elementor-col-50\">\n\t\t\t\t\t\t\t\t\t\t\t\t<label for=\"form-field-field_e7bd9ad\" class=\"elementor-field-label\">\n\t\t\t\t\t\t\t\tNazwa firmy\t\t\t\t\t\t\t<\/label>\n\t\t\t\t\t\t\t\t\t\t\t\t\t\t<input size=\"1\" type=\"text\" name=\"form_fields[field_e7bd9ad]\" id=\"form-field-field_e7bd9ad\" class=\"elementor-field elementor-size-md  elementor-field-textual\">\n\t\t\t\t\t\t\t\t\t\t\t<\/div>\n\t\t\t\t\t\t\t\t<div class=\"elementor-field-type-email elementor-field-group elementor-column elementor-field-group-email elementor-col-50 elementor-field-required elementor-mark-required\">\n\t\t\t\t\t\t\t\t\t\t\t\t<label for=\"form-field-email\" class=\"elementor-field-label\">\n\t\t\t\t\t\t\t\tEmail\t\t\t\t\t\t\t<\/label>\n\t\t\t\t\t\t\t\t\t\t\t\t\t\t<input size=\"1\" type=\"email\" name=\"form_fields[email]\" id=\"form-field-email\" class=\"elementor-field elementor-size-md  elementor-field-textual\" required=\"required\">\n\t\t\t\t\t\t\t\t\t\t\t<\/div>\n\t\t\t\t\t\t\t\t<div class=\"elementor-field-type-tel elementor-field-group elementor-column elementor-field-group-field_9f4d194 elementor-col-50\">\n\t\t\t\t\t\t\t\t\t\t\t\t<label for=\"form-field-field_9f4d194\" class=\"elementor-field-label\">\n\t\t\t\t\t\t\t\tTelefon\t\t\t\t\t\t\t<\/label>\n\t\t\t\t\t\t\t\t<input size=\"1\" type=\"tel\" name=\"form_fields[field_9f4d194]\" id=\"form-field-field_9f4d194\" class=\"elementor-field elementor-size-md  elementor-field-textual\" pattern=\"[0-9()#&amp;+*-=.]+\" title=\"Akceptowane s\u0105 jedynie cyfry i znaki telefoniczne (#,-,*).\">\n\n\t\t\t\t\t\t<\/div>\n\t\t\t\t\t\t\t\t<div class=\"elementor-field-type-text elementor-field-group elementor-column elementor-field-group-field_d2a7675 elementor-col-100 elementor-field-required elementor-mark-required\">\n\t\t\t\t\t\t\t\t\t\t\t\t<label for=\"form-field-field_d2a7675\" class=\"elementor-field-label\">\n\t\t\t\t\t\t\t\tTemat wiadomo\u015bci\t\t\t\t\t\t\t<\/label>\n\t\t\t\t\t\t\t\t\t\t\t\t\t\t<input size=\"1\" type=\"text\" name=\"form_fields[field_d2a7675]\" id=\"form-field-field_d2a7675\" class=\"elementor-field elementor-size-md  elementor-field-textual\" required=\"required\">\n\t\t\t\t\t\t\t\t\t\t\t<\/div>\n\t\t\t\t\t\t\t\t<div class=\"elementor-field-type-textarea elementor-field-group elementor-column elementor-field-group-message elementor-col-100\">\n\t\t\t\t\t\t\t\t\t\t\t\t<label for=\"form-field-message\" class=\"elementor-field-label\">\n\t\t\t\t\t\t\t\tTwoja wiadomo\u015b\u0107\t\t\t\t\t\t\t<\/label>\n\t\t\t\t\t\t<textarea class=\"elementor-field-textual elementor-field  elementor-size-md\" name=\"form_fields[message]\" id=\"form-field-message\" rows=\"4\"><\/textarea>\t\t\t\t<\/div>\n\t\t\t\t\t\t\t\t<div class=\"elementor-field-type-acceptance elementor-field-group elementor-column elementor-field-group-field_62f96d9 elementor-col-100\">\n\t\t\t\t\t\t\t<div class=\"elementor-field-subgroup\">\n\t\t\t<span class=\"elementor-field-option\">\n\t\t\t\t<input type=\"checkbox\" name=\"form_fields[field_62f96d9]\" id=\"form-field-field_62f96d9\" class=\"elementor-field elementor-size-md  elementor-acceptance-field\">\n\t\t\t\t<label for=\"form-field-field_62f96d9\"><span style=\"font-size: 8pt;\">Wyra\u017cam zgod\u0119 na przetwarzanie danych osobowych przez Expanseplus w celu odpowiedzi i obs\u0142ugi przes\u0142anego zapytania. Przyjmuj\u0119 do wiadomo\u015bci, \u017ce przys\u0142uguje mi prawo dost\u0119pu do swoich danych, mo\u017cliwo\u015b\u0107 ich poprawiania oraz \u017c\u0105dania zaprzestania ich przetwarzania. Administratorem danych jest Expanseplus. Informacje na temat przetwarzania Twoich danych osobowych znajdziesz w naszej <span style=\"color: #ff0000;\"><a style=\"color: #000000;\" href=\"#\" target=\"_blank\" rel=\"noopener noreferrer\">polityce prywatno\u015bci.<\/a><\/span><\/span><\/label>\t\t\t<\/span>\n\t\t<\/div>\n\t\t\t\t\t\t<\/div>\n\t\t\t\t\t\t\t\t<div class=\"elementor-field-group elementor-column elementor-field-type-submit elementor-col-100 e-form__buttons\">\n\t\t\t\t\t<button class=\"elementor-button elementor-size-md\" type=\"submit\">\n\t\t\t\t\t\t<span class=\"elementor-button-content-wrapper\">\n\t\t\t\t\t\t\t\t\t\t\t\t\t\t\t\t\t\t\t\t\t\t<span class=\"elementor-button-text\">Wy\u015blij zg\u0142oszenie<\/span>\n\t\t\t\t\t\t\t\t\t\t\t\t\t<\/span>\n\t\t\t\t\t<\/button>\n\t\t\t\t<\/div>\n\t\t\t<\/div>\n\t\t<\/form>\n\t\t\t\t\t\t<\/div>\n\t\t\t\t<\/div>\n\t\t\t\t\t<\/div>\n\t\t<\/div>\n\t\t\t\t<div class=\"elementor-column elementor-col-50 elementor-top-column elementor-element elementor-element-a6d9616 elementor-invisible\" data-id=\"a6d9616\" data-element_type=\"column\" data-settings=\"{&quot;animation&quot;:&quot;fadeInRight&quot;}\">\n\t\t\t<div class=\"elementor-widget-wrap elementor-element-populated\">\n\t\t\t\t\t\t<div class=\"elementor-element elementor-element-8a00eff elementor-widget elementor-widget-heading\" data-id=\"8a00eff\" data-element_type=\"widget\" data-widget_type=\"heading.default\">\n\t\t\t\t<div class=\"elementor-widget-container\">\n\t\t\t\t\t<h6 class=\"elementor-heading-title elementor-size-default\">BIURO CZYNNE 10:00 - 17:00\n<\/h6>\t\t\t\t<\/div>\n\t\t\t\t<\/div>\n\t\t\t\t<div class=\"elementor-element elementor-element-08c4864 elementor-widget elementor-widget-heading\" data-id=\"08c4864\" data-element_type=\"widget\" data-widget_type=\"heading.default\">\n\t\t\t\t<div class=\"elementor-widget-container\">\n\t\t\t\t\t<h2 class=\"elementor-heading-title elementor-size-default\">Masz pytania, zadzwo\u0144!\n<br>+48 781 244 781<\/h2>\t\t\t\t<\/div>\n\t\t\t\t<\/div>\n\t\t\t\t<div class=\"elementor-element elementor-element-91bab02 elementor-icon-list--layout-traditional elementor-list-item-link-full_width elementor-widget elementor-widget-icon-list\" data-id=\"91bab02\" data-element_type=\"widget\" data-widget_type=\"icon-list.default\">\n\t\t\t\t<div class=\"elementor-widget-container\">\n\t\t\t\t\t\t\t<ul class=\"elementor-icon-list-items\">\n\t\t\t\t\t\t\t<li class=\"elementor-icon-list-item\">\n\t\t\t\t\t\t\t\t\t\t\t<span class=\"elementor-icon-list-icon\">\n\t\t\t\t\t\t\t<i aria-hidden=\"true\" class=\"fas fa-check\"><\/i>\t\t\t\t\t\t<\/span>\n\t\t\t\t\t\t\t\t\t\t<span class=\"elementor-icon-list-text\">Dedykowany opiekun projektu<\/span>\n\t\t\t\t\t\t\t\t\t<\/li>\n\t\t\t\t\t\t\t\t<li class=\"elementor-icon-list-item\">\n\t\t\t\t\t\t\t\t\t\t\t<span class=\"elementor-icon-list-icon\">\n\t\t\t\t\t\t\t<i aria-hidden=\"true\" class=\"fas fa-check\"><\/i>\t\t\t\t\t\t<\/span>\n\t\t\t\t\t\t\t\t\t\t<span class=\"elementor-icon-list-text\">Oferty szyte na miar\u0119 Twoich potrzeb <\/span>\n\t\t\t\t\t\t\t\t\t<\/li>\n\t\t\t\t\t\t\t\t<li class=\"elementor-icon-list-item\">\n\t\t\t\t\t\t\t\t\t\t\t<span class=\"elementor-icon-list-icon\">\n\t\t\t\t\t\t\t<i aria-hidden=\"true\" class=\"fas fa-check\"><\/i>\t\t\t\t\t\t<\/span>\n\t\t\t\t\t\t\t\t\t\t<span class=\"elementor-icon-list-text\">Jeste\u015bmy dost\u0119pni na terenie \u0141odzi<\/span>\n\t\t\t\t\t\t\t\t\t<\/li>\n\t\t\t\t\t\t\t\t<li class=\"elementor-icon-list-item\">\n\t\t\t\t\t\t\t\t\t\t\t<span class=\"elementor-icon-list-icon\">\n\t\t\t\t\t\t\t<i aria-hidden=\"true\" class=\"fas fa-check\"><\/i>\t\t\t\t\t\t<\/span>\n\t\t\t\t\t\t\t\t\t\t<span class=\"elementor-icon-list-text\">Doje\u017cd\u017camy w ka\u017cde miejsce projektu<\/span>\n\t\t\t\t\t\t\t\t\t<\/li>\n\t\t\t\t\t\t<\/ul>\n\t\t\t\t\t\t<\/div>\n\t\t\t\t<\/div>\n\t\t\t\t\t<\/div>\n\t\t<\/div>\n\t\t\t\t\t<\/div>\n\t\t<\/section>\n\t\t\t\t<\/div>\n\t\t","protected":false},"excerpt":{"rendered":"<p>I32-V5 INWERTEROWA POMPA CIEP\u0141A MONOBLOK Dziesi\u0119\u0107 modeli: najbardziej kompaktowe i najlepsza wydajno\u015b\u0107! Pobierz kart\u0119 katalogow\u0105 Zastosowanie technologii inwerterowej wraz z silnikami bezszczotkowymi DC zapewnia wy\u017csz\u0105 ca\u0142kowit\u0105 wydajno\u015b\u0107 energetyczn\u0105 urz\u0105dze\u0144 dzi\u0119ki wysokiej i skutecznej modulacji mocy. Dodatkowo wysoka jako\u015b\u0107 pozosta\u0142ych komponent\u00f3w zapewnia popraw\u0119 COP i EER oraz znaczny wzrost wydajno\u015bci obci\u0105\u017ce\u0144 cz\u0119\u015bciowych. Czyste powietrze Wszystkie pompy [&hellip;]<\/p>\n","protected":false},"author":1,"featured_media":0,"parent":0,"menu_order":0,"comment_status":"closed","ping_status":"closed","template":"elementor_header_footer","meta":{"footnotes":""},"class_list":["post-1355","page","type-page","status-publish","hentry"],"_links":{"self":[{"href":"https:\/\/expanseplus.pl\/pl\/wp-json\/wp\/v2\/pages\/1355","targetHints":{"allow":["GET"]}}],"collection":[{"href":"https:\/\/expanseplus.pl\/pl\/wp-json\/wp\/v2\/pages"}],"about":[{"href":"https:\/\/expanseplus.pl\/pl\/wp-json\/wp\/v2\/types\/page"}],"author":[{"embeddable":true,"href":"https:\/\/expanseplus.pl\/pl\/wp-json\/wp\/v2\/users\/1"}],"replies":[{"embeddable":true,"href":"https:\/\/expanseplus.pl\/pl\/wp-json\/wp\/v2\/comments?post=1355"}],"version-history":[{"count":0,"href":"https:\/\/expanseplus.pl\/pl\/wp-json\/wp\/v2\/pages\/1355\/revisions"}],"wp:attachment":[{"href":"https:\/\/expanseplus.pl\/pl\/wp-json\/wp\/v2\/media?parent=1355"}],"curies":[{"name":"wp","href":"https:\/\/api.w.org\/{rel}","templated":true}]}}