{"id":1412,"date":"2022-08-16T23:55:10","date_gmt":"2022-08-16T21:55:10","guid":{"rendered":"https:\/\/expanseplus.vebi.pl\/?page_id=1412"},"modified":"2023-04-14T11:53:18","modified_gmt":"2023-04-14T09:53:18","slug":"gruntowa-pompa-ciepla-ctc-ecopart-400","status":"publish","type":"page","link":"https:\/\/expanseplus.pl\/pl\/gruntowa-pompa-ciepla-ctc-ecopart-400\/","title":{"rendered":"GRUNTOWA POMPA CIEP\u0141A CTC ECOPART 400"},"content":{"rendered":"\t\t<div data-elementor-type=\"wp-page\" data-elementor-id=\"1412\" class=\"elementor elementor-1412\" data-elementor-post-type=\"page\">\n\t\t\t\t\t\t<section class=\"elementor-section elementor-top-section elementor-element elementor-element-31173a14 elementor-section-boxed elementor-section-height-default elementor-section-height-default\" data-id=\"31173a14\" data-element_type=\"section\" data-settings=\"{&quot;background_background&quot;:&quot;classic&quot;}\">\n\t\t\t\t\t\t\t<div class=\"elementor-background-overlay\"><\/div>\n\t\t\t\t\t\t\t<div class=\"elementor-container elementor-column-gap-default\">\n\t\t\t\t\t<div class=\"elementor-column elementor-col-100 elementor-top-column elementor-element elementor-element-6ac1febb\" data-id=\"6ac1febb\" data-element_type=\"column\" data-settings=\"{&quot;background_background&quot;:&quot;classic&quot;}\">\n\t\t\t<div class=\"elementor-widget-wrap\">\n\t\t\t\t\t\t\t<\/div>\n\t\t<\/div>\n\t\t\t\t\t<\/div>\n\t\t<\/section>\n\t\t\t\t<section class=\"elementor-section elementor-top-section elementor-element elementor-element-3d79efb8 elementor-section-content-middle elementor-section-boxed elementor-section-height-default elementor-section-height-default elementor-invisible\" data-id=\"3d79efb8\" data-element_type=\"section\" data-settings=\"{&quot;animation&quot;:&quot;fadeInUp&quot;}\">\n\t\t\t\t\t\t<div class=\"elementor-container elementor-column-gap-wider\">\n\t\t\t\t\t<div class=\"elementor-column elementor-col-50 elementor-top-column elementor-element elementor-element-3abef5d\" data-id=\"3abef5d\" data-element_type=\"column\">\n\t\t\t<div class=\"elementor-widget-wrap elementor-element-populated\">\n\t\t\t\t\t\t<div class=\"elementor-element elementor-element-572783b6 elementor-widget elementor-widget-heading\" data-id=\"572783b6\" data-element_type=\"widget\" data-widget_type=\"heading.default\">\n\t\t\t\t<div class=\"elementor-widget-container\">\n\t\t\t\t\t<h1 class=\"elementor-heading-title elementor-size-default\">GRUNTOWA POMPA CIEP\u0141A CTC ECOPART 400<\/h1>\t\t\t\t<\/div>\n\t\t\t\t<\/div>\n\t\t\t\t<div class=\"elementor-element elementor-element-713207d elementor-widget elementor-widget-heading\" data-id=\"713207d\" data-element_type=\"widget\" data-widget_type=\"heading.default\">\n\t\t\t\t<div class=\"elementor-widget-container\">\n\t\t\t\t\t<h2 class=\"elementor-heading-title elementor-size-default\">Pompa ciep\u0142a czerpi\u0105ca ciep\u0142o ze ska\u0142y, gleby i jeziora.<\/h2>\t\t\t\t<\/div>\n\t\t\t\t<\/div>\n\t\t\t\t<div class=\"elementor-element elementor-element-a0592c5 elementor-align--mobilecenter elementor-align-left premium-floating-effects-yes elementor-widget elementor-widget-elementskit-button\" data-id=\"a0592c5\" data-element_type=\"widget\" data-settings=\"{&quot;premium_fe_direction&quot;:&quot;normal&quot;,&quot;ep_floating_effects_show&quot;:&quot;yes&quot;,&quot;premium_fe_loop&quot;:&quot;default&quot;,&quot;premium_fe_easing&quot;:&quot;easeInOutSine&quot;,&quot;ep_floating_effects_easing&quot;:&quot;easeInOutQuad&quot;}\" data-widget_type=\"elementskit-button.default\">\n\t\t\t\t<div class=\"elementor-widget-container\">\n\t\t\t\t\t<div class=\"ekit-wid-con\" >\t\t<div class=\"ekit-btn-wraper\">\n\t\t\t\t\t\t\t<a href=\"https:\/\/expanseplus.plwp-content\/uploads\/2022\/08\/GRUNTOWA-POMPA-CIEPLA-CTC-ECOPART-400-katalog.pdf\" class=\"elementskit-btn  whitespace--normal\" id=\"\">\n\t\t\t\t\tPobierz kart\u0119 katalogow\u0105\t\t\t\t<\/a>\n\t\t\t\t\t<\/div>\n        <\/div>\t\t\t\t<\/div>\n\t\t\t\t<\/div>\n\t\t\t\t<div class=\"elementor-element elementor-element-1e2cf6b elementor-widget elementor-widget-text-editor\" data-id=\"1e2cf6b\" data-element_type=\"widget\" data-widget_type=\"text-editor.default\">\n\t\t\t\t<div class=\"elementor-widget-container\">\n\t\t\t\t\t\t\t\t\t<div class=\"wpb_text_column wpb_content_element \"><div class=\"wpb_wrapper\"><p><strong>CTC EcoPart 400<\/strong>\u00a0jest kompaktow\u0105 pomp\u0105 ciep\u0142a, kt\u00f3ra zapewnia ogrzewanie dom\u00f3w lub ma\u0142ych budynk\u00f3w przemys\u0142owych.<\/p><p>CTC EcoPart 400 jest\u00a0<strong>wysoko efektywn\u0105 pomp\u0105 ciep\u0142a<\/strong>\u00a0z tak\u0105 sam\u0105 wydajno\u015bci\u0105 jak CTC EcoHeat 300, ale bez sterowania. Dzi\u0119ki nowo zaprojektowanemu uk\u0142adowi ch\u0142odniczemu i wysoko wydajnemu kompresorowi, EcoPart 400 mo\u017ce wytwarza\u0107\u00a0<strong>wod\u0119 o temperaturze 65 stopni Celsiusza<\/strong>, co zapewnia cieplejsze grzejniki i wi\u0119cej ciep\u0142ej wody u\u017cytkowej. Urz\u0105dzenie nadaje si\u0119 do budynk\u00f3w wymagaj\u0105cych wysokich temperatur zasilania obieg\u00f3w grzewczych.<\/p><\/div><\/div>\t\t\t\t\t\t\t\t<\/div>\n\t\t\t\t<\/div>\n\t\t\t\t<div class=\"elementor-element elementor-element-cffe545 elementor-widget elementor-widget-text-editor\" data-id=\"cffe545\" data-element_type=\"widget\" data-widget_type=\"text-editor.default\">\n\t\t\t\t<div class=\"elementor-widget-container\">\n\t\t\t\t\t\t\t\t\t<p><strong>Zalety CTC EcoPart 400:<\/strong><\/p><ul><li>Do dom\u00f3w i du\u017cych budynk\u00f3w<\/li><li>65 \u00b0C temperatury zasilania<\/li><li>Dost\u0119pna w sze\u015bciu rozmiarach: 6, 8, 10, 12, 14 i 17 kW.<\/li><li>Kilka jednostek CTC EcoPart mo\u017ce by\u0107 \u0142\u0105czone w kaskad\u0119.<\/li><li>Mo\u017cna umie\u015bci\u0107 w pomieszczeniach z niskim sufitem<\/li><li>Cichy kompresor scroll<\/li><li>Funkcja mi\u0119kkiego startu<\/li><li>R\u00f3\u017cnorodne pod\u0142\u0105czenia.<\/li><\/ul>\t\t\t\t\t\t\t\t<\/div>\n\t\t\t\t<\/div>\n\t\t\t\t\t<\/div>\n\t\t<\/div>\n\t\t\t\t<div class=\"elementor-column elementor-col-50 elementor-top-column elementor-element elementor-element-23fe8eec\" data-id=\"23fe8eec\" data-element_type=\"column\">\n\t\t\t<div class=\"elementor-widget-wrap elementor-element-populated\">\n\t\t\t\t\t\t<div class=\"elementor-element elementor-element-7193bf4 elementor-widget elementor-widget-image\" data-id=\"7193bf4\" data-element_type=\"widget\" data-widget_type=\"image.default\">\n\t\t\t\t<div class=\"elementor-widget-container\">\n\t\t\t\t\t\t\t\t\t\t\t\t\t\t\t<img fetchpriority=\"high\" decoding=\"async\" width=\"538\" height=\"534\" src=\"https:\/\/expanseplus.pl\/wp-content\/uploads\/2022\/08\/GRUNTOWA-POMPA-CIEPLA-CTC-ECOPART-400-expanse-plus.png\" class=\"attachment-large size-large wp-image-1415\" alt=\"\" srcset=\"https:\/\/expanseplus.pl\/wp-content\/uploads\/2022\/08\/GRUNTOWA-POMPA-CIEPLA-CTC-ECOPART-400-expanse-plus.png 538w, https:\/\/expanseplus.pl\/wp-content\/uploads\/2022\/08\/GRUNTOWA-POMPA-CIEPLA-CTC-ECOPART-400-expanse-plus-300x298.png 300w, https:\/\/expanseplus.pl\/wp-content\/uploads\/2022\/08\/GRUNTOWA-POMPA-CIEPLA-CTC-ECOPART-400-expanse-plus-150x150.png 150w\" sizes=\"(max-width: 538px) 100vw, 538px\" \/>\t\t\t\t\t\t\t\t\t\t\t\t\t\t\t<\/div>\n\t\t\t\t<\/div>\n\t\t\t\t<div class=\"elementor-element elementor-element-a97dd22 elementor-align--mobilecenter elementor-align-center elementor-widget elementor-widget-elementskit-button\" data-id=\"a97dd22\" data-element_type=\"widget\" data-widget_type=\"elementskit-button.default\">\n\t\t\t\t<div class=\"elementor-widget-container\">\n\t\t\t\t\t<div class=\"ekit-wid-con\" >\t\t<div class=\"ekit-btn-wraper\">\n\t\t\t\t\t\t\t<a href=\"#kontakt\" class=\"elementskit-btn  whitespace--normal\" id=\"\">\n\t\t\t\t\tZapytaj o dost\u0119pno\u015b\u0107\t\t\t\t<\/a>\n\t\t\t\t\t<\/div>\n        <\/div>\t\t\t\t<\/div>\n\t\t\t\t<\/div>\n\t\t\t\t\t<\/div>\n\t\t<\/div>\n\t\t\t\t\t<\/div>\n\t\t<\/section>\n\t\t\t\t<section class=\"elementor-section elementor-top-section elementor-element elementor-element-9b62d5b elementor-section-boxed elementor-section-height-default elementor-section-height-default\" data-id=\"9b62d5b\" data-element_type=\"section\" data-settings=\"{&quot;background_background&quot;:&quot;classic&quot;}\">\n\t\t\t\t\t\t<div class=\"elementor-container elementor-column-gap-default\">\n\t\t\t\t\t<div class=\"elementor-column elementor-col-50 elementor-top-column elementor-element elementor-element-c07c697 elementor-invisible\" data-id=\"c07c697\" data-element_type=\"column\" data-settings=\"{&quot;background_background&quot;:&quot;classic&quot;,&quot;animation&quot;:&quot;bounceInDown&quot;}\">\n\t\t\t<div class=\"elementor-widget-wrap elementor-element-populated\">\n\t\t\t\t\t\t<div class=\"elementor-element elementor-element-d680971 elementor-button-align-stretch elementor-widget elementor-widget-form\" data-id=\"d680971\" data-element_type=\"widget\" id=\"kontakt\" data-settings=\"{&quot;step_next_label&quot;:&quot;Next&quot;,&quot;step_previous_label&quot;:&quot;Previous&quot;,&quot;button_width&quot;:&quot;100&quot;,&quot;step_type&quot;:&quot;number_text&quot;,&quot;step_icon_shape&quot;:&quot;circle&quot;}\" data-widget_type=\"form.default\">\n\t\t\t\t<div class=\"elementor-widget-container\">\n\t\t\t\t\t\t\t<form class=\"elementor-form\" method=\"post\" name=\"New Form\">\n\t\t\t<input type=\"hidden\" name=\"post_id\" value=\"1412\"\/>\n\t\t\t<input type=\"hidden\" name=\"form_id\" value=\"d680971\"\/>\n\t\t\t<input type=\"hidden\" name=\"referer_title\" value=\"\" \/>\n\n\t\t\t\n\t\t\t<div class=\"elementor-form-fields-wrapper elementor-labels-above\">\n\t\t\t\t\t\t\t\t<div class=\"elementor-field-type-text elementor-field-group elementor-column elementor-field-group-name elementor-col-50 elementor-field-required elementor-mark-required\">\n\t\t\t\t\t\t\t\t\t\t\t\t<label for=\"form-field-name\" class=\"elementor-field-label\">\n\t\t\t\t\t\t\t\tImi\u0119\t\t\t\t\t\t\t<\/label>\n\t\t\t\t\t\t\t\t\t\t\t\t\t\t<input size=\"1\" type=\"text\" name=\"form_fields[name]\" id=\"form-field-name\" class=\"elementor-field elementor-size-md  elementor-field-textual\" required=\"required\">\n\t\t\t\t\t\t\t\t\t\t\t<\/div>\n\t\t\t\t\t\t\t\t<div class=\"elementor-field-type-text elementor-field-group elementor-column elementor-field-group-field_e7bd9ad elementor-col-50\">\n\t\t\t\t\t\t\t\t\t\t\t\t<label for=\"form-field-field_e7bd9ad\" class=\"elementor-field-label\">\n\t\t\t\t\t\t\t\tNazwa firmy\t\t\t\t\t\t\t<\/label>\n\t\t\t\t\t\t\t\t\t\t\t\t\t\t<input size=\"1\" type=\"text\" name=\"form_fields[field_e7bd9ad]\" id=\"form-field-field_e7bd9ad\" class=\"elementor-field elementor-size-md  elementor-field-textual\">\n\t\t\t\t\t\t\t\t\t\t\t<\/div>\n\t\t\t\t\t\t\t\t<div class=\"elementor-field-type-email elementor-field-group elementor-column elementor-field-group-email elementor-col-50 elementor-field-required elementor-mark-required\">\n\t\t\t\t\t\t\t\t\t\t\t\t<label for=\"form-field-email\" class=\"elementor-field-label\">\n\t\t\t\t\t\t\t\tEmail\t\t\t\t\t\t\t<\/label>\n\t\t\t\t\t\t\t\t\t\t\t\t\t\t<input size=\"1\" type=\"email\" name=\"form_fields[email]\" id=\"form-field-email\" class=\"elementor-field elementor-size-md  elementor-field-textual\" required=\"required\">\n\t\t\t\t\t\t\t\t\t\t\t<\/div>\n\t\t\t\t\t\t\t\t<div class=\"elementor-field-type-tel elementor-field-group elementor-column elementor-field-group-field_9f4d194 elementor-col-50\">\n\t\t\t\t\t\t\t\t\t\t\t\t<label for=\"form-field-field_9f4d194\" class=\"elementor-field-label\">\n\t\t\t\t\t\t\t\tTelefon\t\t\t\t\t\t\t<\/label>\n\t\t\t\t\t\t\t\t<input size=\"1\" type=\"tel\" name=\"form_fields[field_9f4d194]\" id=\"form-field-field_9f4d194\" class=\"elementor-field elementor-size-md  elementor-field-textual\" pattern=\"[0-9()#&amp;+*-=.]+\" title=\"Akceptowane s\u0105 jedynie cyfry i znaki telefoniczne (#,-,*).\">\n\n\t\t\t\t\t\t<\/div>\n\t\t\t\t\t\t\t\t<div class=\"elementor-field-type-text elementor-field-group elementor-column elementor-field-group-field_d2a7675 elementor-col-100 elementor-field-required elementor-mark-required\">\n\t\t\t\t\t\t\t\t\t\t\t\t<label for=\"form-field-field_d2a7675\" class=\"elementor-field-label\">\n\t\t\t\t\t\t\t\tTemat wiadomo\u015bci\t\t\t\t\t\t\t<\/label>\n\t\t\t\t\t\t\t\t\t\t\t\t\t\t<input size=\"1\" type=\"text\" name=\"form_fields[field_d2a7675]\" id=\"form-field-field_d2a7675\" class=\"elementor-field elementor-size-md  elementor-field-textual\" required=\"required\">\n\t\t\t\t\t\t\t\t\t\t\t<\/div>\n\t\t\t\t\t\t\t\t<div class=\"elementor-field-type-textarea elementor-field-group elementor-column elementor-field-group-message elementor-col-100\">\n\t\t\t\t\t\t\t\t\t\t\t\t<label for=\"form-field-message\" class=\"elementor-field-label\">\n\t\t\t\t\t\t\t\tTwoja wiadomo\u015b\u0107\t\t\t\t\t\t\t<\/label>\n\t\t\t\t\t\t<textarea class=\"elementor-field-textual elementor-field  elementor-size-md\" name=\"form_fields[message]\" id=\"form-field-message\" rows=\"4\"><\/textarea>\t\t\t\t<\/div>\n\t\t\t\t\t\t\t\t<div class=\"elementor-field-type-acceptance elementor-field-group elementor-column elementor-field-group-field_62f96d9 elementor-col-100\">\n\t\t\t\t\t\t\t<div class=\"elementor-field-subgroup\">\n\t\t\t<span class=\"elementor-field-option\">\n\t\t\t\t<input type=\"checkbox\" name=\"form_fields[field_62f96d9]\" id=\"form-field-field_62f96d9\" class=\"elementor-field elementor-size-md  elementor-acceptance-field\">\n\t\t\t\t<label for=\"form-field-field_62f96d9\"><span style=\"font-size: 8pt;\">Wyra\u017cam zgod\u0119 na przetwarzanie danych osobowych przez Expanseplus w celu odpowiedzi i obs\u0142ugi przes\u0142anego zapytania. Przyjmuj\u0119 do wiadomo\u015bci, \u017ce przys\u0142uguje mi prawo dost\u0119pu do swoich danych, mo\u017cliwo\u015b\u0107 ich poprawiania oraz \u017c\u0105dania zaprzestania ich przetwarzania. Administratorem danych jest Expanseplus. Informacje na temat przetwarzania Twoich danych osobowych znajdziesz w naszej <span style=\"color: #ff0000;\"><a style=\"color: #000000;\" href=\"#\" target=\"_blank\" rel=\"noopener noreferrer\">polityce prywatno\u015bci.<\/a><\/span><\/span><\/label>\t\t\t<\/span>\n\t\t<\/div>\n\t\t\t\t\t\t<\/div>\n\t\t\t\t\t\t\t\t<div class=\"elementor-field-group elementor-column elementor-field-type-submit elementor-col-100 e-form__buttons\">\n\t\t\t\t\t<button class=\"elementor-button elementor-size-md\" type=\"submit\">\n\t\t\t\t\t\t<span class=\"elementor-button-content-wrapper\">\n\t\t\t\t\t\t\t\t\t\t\t\t\t\t\t\t\t\t\t\t\t\t<span class=\"elementor-button-text\">Wy\u015blij zg\u0142oszenie<\/span>\n\t\t\t\t\t\t\t\t\t\t\t\t\t<\/span>\n\t\t\t\t\t<\/button>\n\t\t\t\t<\/div>\n\t\t\t<\/div>\n\t\t<\/form>\n\t\t\t\t\t\t<\/div>\n\t\t\t\t<\/div>\n\t\t\t\t\t<\/div>\n\t\t<\/div>\n\t\t\t\t<div class=\"elementor-column elementor-col-50 elementor-top-column elementor-element elementor-element-a6d9616 elementor-invisible\" data-id=\"a6d9616\" data-element_type=\"column\" data-settings=\"{&quot;animation&quot;:&quot;fadeInRight&quot;}\">\n\t\t\t<div class=\"elementor-widget-wrap elementor-element-populated\">\n\t\t\t\t\t\t<div class=\"elementor-element elementor-element-8a00eff elementor-widget elementor-widget-heading\" data-id=\"8a00eff\" data-element_type=\"widget\" data-widget_type=\"heading.default\">\n\t\t\t\t<div class=\"elementor-widget-container\">\n\t\t\t\t\t<h6 class=\"elementor-heading-title elementor-size-default\">BIURO CZYNNE 10:00 - 17:00\n<\/h6>\t\t\t\t<\/div>\n\t\t\t\t<\/div>\n\t\t\t\t<div class=\"elementor-element elementor-element-08c4864 elementor-widget elementor-widget-heading\" data-id=\"08c4864\" data-element_type=\"widget\" data-widget_type=\"heading.default\">\n\t\t\t\t<div class=\"elementor-widget-container\">\n\t\t\t\t\t<h2 class=\"elementor-heading-title elementor-size-default\">Masz pytania, zadzwo\u0144!\n<br>+48 781 244 781<\/h2>\t\t\t\t<\/div>\n\t\t\t\t<\/div>\n\t\t\t\t<div class=\"elementor-element elementor-element-91bab02 elementor-icon-list--layout-traditional elementor-list-item-link-full_width elementor-widget elementor-widget-icon-list\" data-id=\"91bab02\" data-element_type=\"widget\" data-widget_type=\"icon-list.default\">\n\t\t\t\t<div class=\"elementor-widget-container\">\n\t\t\t\t\t\t\t<ul class=\"elementor-icon-list-items\">\n\t\t\t\t\t\t\t<li class=\"elementor-icon-list-item\">\n\t\t\t\t\t\t\t\t\t\t\t<span class=\"elementor-icon-list-icon\">\n\t\t\t\t\t\t\t<i aria-hidden=\"true\" class=\"fas fa-check\"><\/i>\t\t\t\t\t\t<\/span>\n\t\t\t\t\t\t\t\t\t\t<span class=\"elementor-icon-list-text\">Dedykowany opiekun projektu<\/span>\n\t\t\t\t\t\t\t\t\t<\/li>\n\t\t\t\t\t\t\t\t<li class=\"elementor-icon-list-item\">\n\t\t\t\t\t\t\t\t\t\t\t<span class=\"elementor-icon-list-icon\">\n\t\t\t\t\t\t\t<i aria-hidden=\"true\" class=\"fas fa-check\"><\/i>\t\t\t\t\t\t<\/span>\n\t\t\t\t\t\t\t\t\t\t<span class=\"elementor-icon-list-text\">Oferty szyte na miar\u0119 Twoich potrzeb <\/span>\n\t\t\t\t\t\t\t\t\t<\/li>\n\t\t\t\t\t\t\t\t<li class=\"elementor-icon-list-item\">\n\t\t\t\t\t\t\t\t\t\t\t<span class=\"elementor-icon-list-icon\">\n\t\t\t\t\t\t\t<i aria-hidden=\"true\" class=\"fas fa-check\"><\/i>\t\t\t\t\t\t<\/span>\n\t\t\t\t\t\t\t\t\t\t<span class=\"elementor-icon-list-text\">Jeste\u015bmy dost\u0119pni na terenie \u0141odzi<\/span>\n\t\t\t\t\t\t\t\t\t<\/li>\n\t\t\t\t\t\t\t\t<li class=\"elementor-icon-list-item\">\n\t\t\t\t\t\t\t\t\t\t\t<span class=\"elementor-icon-list-icon\">\n\t\t\t\t\t\t\t<i aria-hidden=\"true\" class=\"fas fa-check\"><\/i>\t\t\t\t\t\t<\/span>\n\t\t\t\t\t\t\t\t\t\t<span class=\"elementor-icon-list-text\">Doje\u017cd\u017camy w ka\u017cde miejsce projektu<\/span>\n\t\t\t\t\t\t\t\t\t<\/li>\n\t\t\t\t\t\t<\/ul>\n\t\t\t\t\t\t<\/div>\n\t\t\t\t<\/div>\n\t\t\t\t\t<\/div>\n\t\t<\/div>\n\t\t\t\t\t<\/div>\n\t\t<\/section>\n\t\t\t\t<\/div>\n\t\t","protected":false},"excerpt":{"rendered":"<p>GRUNTOWA POMPA CIEP\u0141A CTC ECOPART 400 Pompa ciep\u0142a czerpi\u0105ca ciep\u0142o ze ska\u0142y, gleby i jeziora. Pobierz kart\u0119 katalogow\u0105 CTC EcoPart 400\u00a0jest kompaktow\u0105 pomp\u0105 ciep\u0142a, kt\u00f3ra zapewnia ogrzewanie dom\u00f3w lub ma\u0142ych budynk\u00f3w przemys\u0142owych. CTC EcoPart 400 jest\u00a0wysoko efektywn\u0105 pomp\u0105 ciep\u0142a\u00a0z tak\u0105 sam\u0105 wydajno\u015bci\u0105 jak CTC EcoHeat 300, ale bez sterowania. Dzi\u0119ki nowo zaprojektowanemu uk\u0142adowi ch\u0142odniczemu i [&hellip;]<\/p>\n","protected":false},"author":1,"featured_media":0,"parent":0,"menu_order":0,"comment_status":"closed","ping_status":"closed","template":"elementor_header_footer","meta":{"footnotes":""},"class_list":["post-1412","page","type-page","status-publish","hentry"],"_links":{"self":[{"href":"https:\/\/expanseplus.pl\/pl\/wp-json\/wp\/v2\/pages\/1412","targetHints":{"allow":["GET"]}}],"collection":[{"href":"https:\/\/expanseplus.pl\/pl\/wp-json\/wp\/v2\/pages"}],"about":[{"href":"https:\/\/expanseplus.pl\/pl\/wp-json\/wp\/v2\/types\/page"}],"author":[{"embeddable":true,"href":"https:\/\/expanseplus.pl\/pl\/wp-json\/wp\/v2\/users\/1"}],"replies":[{"embeddable":true,"href":"https:\/\/expanseplus.pl\/pl\/wp-json\/wp\/v2\/comments?post=1412"}],"version-history":[{"count":7,"href":"https:\/\/expanseplus.pl\/pl\/wp-json\/wp\/v2\/pages\/1412\/revisions"}],"predecessor-version":[{"id":2897,"href":"https:\/\/expanseplus.pl\/pl\/wp-json\/wp\/v2\/pages\/1412\/revisions\/2897"}],"wp:attachment":[{"href":"https:\/\/expanseplus.pl\/pl\/wp-json\/wp\/v2\/media?parent=1412"}],"curies":[{"name":"wp","href":"https:\/\/api.w.org\/{rel}","templated":true}]}}